{"id":47,"date":"2020-04-27T14:11:36","date_gmt":"2020-04-27T14:11:36","guid":{"rendered":"https:\/\/mundoconnect.co.uk\/?page_id=47"},"modified":"2022-05-27T09:37:23","modified_gmt":"2022-05-27T09:37:23","slug":"contact","status":"publish","type":"page","link":"https:\/\/mundoconnect.co.uk\/de\/contact","title":{"rendered":"Kontakt"},"content":{"rendered":"<h4 class=\"wp-block-heading\">E-Mail<\/h4>\n\n\n\n<p><a href=\"mailto:afiess@mundoconnect.co.uk\" target=\"_blank\" rel=\"noreferrer noopener\">afiess@mundoconnect.co.uk<\/a><\/p>\n\n\n\n<h4 class=\"wp-block-heading\">Telefon<\/h4>\n\n\n\n<p><span style=\"color:#000000\" class=\"tadv-color\">+44 75 42493060<\/span><\/p>\n\n\n<div class=\"wpforms-container wpforms-container-full\" id=\"wpforms-88\"><form id=\"wpforms-form-88\" class=\"wpforms-validate wpforms-form\" data-formid=\"88\" method=\"post\" enctype=\"multipart\/form-data\" action=\"\/de\/wp-json\/wp\/v2\/pages\/47\" data-token=\"a76d486574a53fe690eec03e944dd3c0\" data-trp-original-action=\"\/de\/wp-json\/wp\/v2\/pages\/47\"><noscript class=\"wpforms-error-noscript\">Bitte aktiviere JavaScript in deinem Browser, um dieses Formular fertigzustellen.<\/noscript><div class=\"wpforms-field-container\"><div id=\"wpforms-88-field_9-container\" class=\"wpforms-field wpforms-field-select wpforms-field-select-style-classic\" data-field-id=\"9\"><label class=\"wpforms-field-label\" for=\"wpforms-88-field_9\">Anrede <span class=\"wpforms-required-label\">*<\/span><\/label><select id=\"wpforms-88-field_9\" class=\"wpforms-field-medium wpforms-field-required\" name=\"wpforms[fields][9]\" required=\"required\"><option value=\"Ms \/ Frau\" >Ms \/ Frau<\/option><option value=\"Mr \/ Herr\" >Mr \/ Herr<\/option><\/select><\/div><div id=\"wpforms-88-field_0-container\" class=\"wpforms-field wpforms-field-name\" data-field-id=\"0\"><label class=\"wpforms-field-label\" for=\"wpforms-88-field_0\">Name <span class=\"wpforms-required-label\">*<\/span><\/label><div class=\"wpforms-field-row wpforms-field-large\"><div class=\"wpforms-field-row-block wpforms-first wpforms-one-half\"><input type=\"text\" id=\"wpforms-88-field_0\" class=\"wpforms-field-name-first wpforms-field-required\" name=\"wpforms[fields][0][first]\" required><label for=\"wpforms-88-field_0\" class=\"wpforms-field-sublabel after\">Vorname<\/label><\/div><div class=\"wpforms-field-row-block wpforms-one-half\"><input type=\"text\" id=\"wpforms-88-field_0-last\" class=\"wpforms-field-name-last wpforms-field-required\" name=\"wpforms[fields][0][last]\" required><label for=\"wpforms-88-field_0-last\" class=\"wpforms-field-sublabel after\">Nachname<\/label><\/div><\/div><\/div><div id=\"wpforms-88-field_4-container\" class=\"wpforms-field wpforms-field-text\" data-field-id=\"4\"><label class=\"wpforms-field-label\" for=\"wpforms-88-field_4\">Firma<\/label><input type=\"text\" id=\"wpforms-88-field_4\" class=\"wpforms-field-medium\" name=\"wpforms[fields][4]\" ><\/div><div id=\"wpforms-88-field_1-container\" class=\"wpforms-field wpforms-field-email\" data-field-id=\"1\"><label class=\"wpforms-field-label\" for=\"wpforms-88-field_1\">E-Mail <span class=\"wpforms-required-label\">*<\/span><\/label><input type=\"email\" id=\"wpforms-88-field_1\" class=\"wpforms-field-large wpforms-field-required\" name=\"wpforms[fields][1]\" required><\/div><div id=\"wpforms-88-field_6-container\" class=\"wpforms-field wpforms-field-text\" data-field-id=\"6\"><label class=\"wpforms-field-label\" for=\"wpforms-88-field_6\">Telefon <\/label><input type=\"text\" id=\"wpforms-88-field_6\" class=\"wpforms-field-medium\" name=\"wpforms[fields][6]\" ><\/div><div id=\"wpforms-88-field_2-container\" class=\"wpforms-field wpforms-field-textarea\" data-field-id=\"2\"><label class=\"wpforms-field-label\" for=\"wpforms-88-field_2\">Ihre Nachricht <span class=\"wpforms-required-label\">*<\/span><\/label><textarea id=\"wpforms-88-field_2\" class=\"wpforms-field-large wpforms-field-required\" name=\"wpforms[fields][2]\" required><\/textarea><\/div><\/div><div class=\"wpforms-field wpforms-field-hp\"><label for=\"wpforms-88-field-hp\" class=\"wpforms-field-label\">Telefon<\/label><input type=\"text\" name=\"wpforms[hp]\" id=\"wpforms-88-field-hp\" class=\"wpforms-field-medium\"><\/div><div class=\"wpforms-submit-container\"><input type=\"hidden\" name=\"wpforms[id]\" value=\"88\"><input type=\"hidden\" name=\"wpforms[author]\" value=\"1\"><button type=\"submit\" name=\"wpforms[submit]\" id=\"wpforms-submit-88\" class=\"wpforms-submit button color1\" data-alt-text=\"Sending...\" data-submit-text=\"Submit\" aria-live=\"assertive\" value=\"wpforms-submit\">Anfrage absenden<\/button><\/div><input type=\"hidden\" name=\"trp-form-language\" value=\"de\"\/><\/form><\/div>  <!-- .wpforms-container -->\n\n\n<p>Ihre Daten werden nur gem\u00e4\u00df der geltenden Datenschutzbestimmungen zur Kontaktaufnahme und f\u00fcr R\u00fcckfragen erhoben. Unter keinen Umst\u00e4nden werden diese verkauft oder Dritten in irgendeiner Art und Weise zur Verf\u00fcgung gestellt.<\/p>","protected":false},"excerpt":{"rendered":"<p>Email afiess@mundoconnect.co.uk Phone +44 75 42493060 I will only use your personal details in order to answer your query and provide language services in accordance with GDPR guidelines. I will never sell or lease your data to a third party.<\/p>","protected":false},"author":1,"featured_media":0,"parent":0,"menu_order":0,"comment_status":"closed","ping_status":"closed","template":"","meta":{"_monsterinsights_skip_tracking":false,"_monsterinsights_sitenote_active":false,"_monsterinsights_sitenote_note":"","_monsterinsights_sitenote_category":0,"footnotes":""},"class_list":["post-47","page","type-page","status-publish","hentry"],"yoast_head":"<!-- This site is optimized with the Yoast SEO plugin v23.5 - https:\/\/yoast.com\/wordpress\/plugins\/seo\/ -->\n<title>Contact - Mundo Connect<\/title>\n<meta name=\"robots\" content=\"index, follow, max-snippet:-1, max-image-preview:large, max-video-preview:-1\" \/>\n<link rel=\"canonical\" href=\"https:\/\/mundoconnect.co.uk\/de\/contact\/\" \/>\n<meta property=\"og:locale\" content=\"de_DE\" \/>\n<meta property=\"og:type\" content=\"article\" \/>\n<meta property=\"og:title\" content=\"Contact - Mundo Connect\" \/>\n<meta property=\"og:description\" content=\"Email afiess@mundoconnect.co.uk Phone +44 75 42493060 I will only use your personal details in order to answer your query and provide language services in accordance with GDPR guidelines. I will never sell or lease your data to a third party.\" \/>\n<meta property=\"og:url\" content=\"https:\/\/mundoconnect.co.uk\/de\/contact\/\" \/>\n<meta property=\"og:site_name\" content=\"Mundo Connect\" \/>\n<meta property=\"article:modified_time\" content=\"2022-05-27T09:37:23+00:00\" \/>\n<meta name=\"twitter:card\" content=\"summary_large_image\" \/>\n<meta name=\"twitter:label1\" content=\"Gesch\u00e4tzte Lesezeit\" \/>\n\t<meta name=\"twitter:data1\" content=\"1\u00a0Minute\" \/>\n<script type=\"application\/ld+json\" class=\"yoast-schema-graph\">{\"@context\":\"https:\/\/schema.org\",\"@graph\":[{\"@type\":\"WebPage\",\"@id\":\"https:\/\/mundoconnect.co.uk\/contact\",\"url\":\"https:\/\/mundoconnect.co.uk\/contact\",\"name\":\"Contact - Mundo Connect\",\"isPartOf\":{\"@id\":\"https:\/\/mundoconnect.co.uk\/#website\"},\"datePublished\":\"2020-04-27T14:11:36+00:00\",\"dateModified\":\"2022-05-27T09:37:23+00:00\",\"breadcrumb\":{\"@id\":\"https:\/\/mundoconnect.co.uk\/contact#breadcrumb\"},\"inLanguage\":\"de\",\"potentialAction\":[{\"@type\":\"ReadAction\",\"target\":[\"https:\/\/mundoconnect.co.uk\/contact\"]}]},{\"@type\":\"BreadcrumbList\",\"@id\":\"https:\/\/mundoconnect.co.uk\/contact#breadcrumb\",\"itemListElement\":[{\"@type\":\"ListItem\",\"position\":1,\"name\":\"Home\",\"item\":\"https:\/\/mundoconnect.co.uk\/\"},{\"@type\":\"ListItem\",\"position\":2,\"name\":\"Contact\"}]},{\"@type\":\"WebSite\",\"@id\":\"https:\/\/mundoconnect.co.uk\/#website\",\"url\":\"https:\/\/mundoconnect.co.uk\/\",\"name\":\"Mundo Connect\",\"description\":\"English - German Language Services\",\"publisher\":{\"@id\":\"https:\/\/mundoconnect.co.uk\/#organization\"},\"potentialAction\":[{\"@type\":\"SearchAction\",\"target\":{\"@type\":\"EntryPoint\",\"urlTemplate\":\"https:\/\/mundoconnect.co.uk\/?s={search_term_string}\"},\"query-input\":{\"@type\":\"PropertyValueSpecification\",\"valueRequired\":true,\"valueName\":\"search_term_string\"}}],\"inLanguage\":\"de\"},{\"@type\":\"Organization\",\"@id\":\"https:\/\/mundoconnect.co.uk\/#organization\",\"name\":\"Mundo Connect\",\"url\":\"https:\/\/mundoconnect.co.uk\/\",\"logo\":{\"@type\":\"ImageObject\",\"inLanguage\":\"de\",\"@id\":\"https:\/\/mundoconnect.co.uk\/#\/schema\/logo\/image\/\",\"url\":\"https:\/\/mundoconnect.co.uk\/wp-content\/uploads\/2020\/04\/cropped-Mundo-Connect-Logo-3.jpg\",\"contentUrl\":\"https:\/\/mundoconnect.co.uk\/wp-content\/uploads\/2020\/04\/cropped-Mundo-Connect-Logo-3.jpg\",\"width\":582,\"height\":265,\"caption\":\"Mundo Connect\"},\"image\":{\"@id\":\"https:\/\/mundoconnect.co.uk\/#\/schema\/logo\/image\/\"},\"sameAs\":[\"https:\/\/www.linkedin.com\/in\/astrid-fiess-8b533968\/\",\"https:\/\/www.proz.com\/profile\/2840683\"]}]}<\/script>\n<!-- \/ Yoast SEO plugin. -->","yoast_head_json":{"title":"Contact - Mundo Connect","robots":{"index":"index","follow":"follow","max-snippet":"max-snippet:-1","max-image-preview":"max-image-preview:large","max-video-preview":"max-video-preview:-1"},"canonical":"https:\/\/mundoconnect.co.uk\/de\/contact\/","og_locale":"de_DE","og_type":"article","og_title":"Contact - Mundo Connect","og_description":"Email afiess@mundoconnect.co.uk Phone +44 75 42493060 I will only use your personal details in order to answer your query and provide language services in accordance with GDPR guidelines. I will never sell or lease your data to a third party.","og_url":"https:\/\/mundoconnect.co.uk\/de\/contact\/","og_site_name":"Mundo Connect","article_modified_time":"2022-05-27T09:37:23+00:00","twitter_card":"summary_large_image","twitter_misc":{"Gesch\u00e4tzte Lesezeit":"1\u00a0Minute"},"schema":{"@context":"https:\/\/schema.org","@graph":[{"@type":"WebPage","@id":"https:\/\/mundoconnect.co.uk\/contact","url":"https:\/\/mundoconnect.co.uk\/contact","name":"Contact - Mundo Connect","isPartOf":{"@id":"https:\/\/mundoconnect.co.uk\/#website"},"datePublished":"2020-04-27T14:11:36+00:00","dateModified":"2022-05-27T09:37:23+00:00","breadcrumb":{"@id":"https:\/\/mundoconnect.co.uk\/contact#breadcrumb"},"inLanguage":"de","potentialAction":[{"@type":"ReadAction","target":["https:\/\/mundoconnect.co.uk\/contact"]}]},{"@type":"BreadcrumbList","@id":"https:\/\/mundoconnect.co.uk\/contact#breadcrumb","itemListElement":[{"@type":"ListItem","position":1,"name":"Home","item":"https:\/\/mundoconnect.co.uk\/"},{"@type":"ListItem","position":2,"name":"Contact"}]},{"@type":"WebSite","@id":"https:\/\/mundoconnect.co.uk\/#website","url":"https:\/\/mundoconnect.co.uk\/","name":"Mundo Connect","description":"English - German Language Services","publisher":{"@id":"https:\/\/mundoconnect.co.uk\/#organization"},"potentialAction":[{"@type":"SearchAction","target":{"@type":"EntryPoint","urlTemplate":"https:\/\/mundoconnect.co.uk\/?s={search_term_string}"},"query-input":{"@type":"PropertyValueSpecification","valueRequired":true,"valueName":"search_term_string"}}],"inLanguage":"de"},{"@type":"Organization","@id":"https:\/\/mundoconnect.co.uk\/#organization","name":"Mundo Connect","url":"https:\/\/mundoconnect.co.uk\/","logo":{"@type":"ImageObject","inLanguage":"de","@id":"https:\/\/mundoconnect.co.uk\/#\/schema\/logo\/image\/","url":"https:\/\/mundoconnect.co.uk\/wp-content\/uploads\/2020\/04\/cropped-Mundo-Connect-Logo-3.jpg","contentUrl":"https:\/\/mundoconnect.co.uk\/wp-content\/uploads\/2020\/04\/cropped-Mundo-Connect-Logo-3.jpg","width":582,"height":265,"caption":"Mundo Connect"},"image":{"@id":"https:\/\/mundoconnect.co.uk\/#\/schema\/logo\/image\/"},"sameAs":["https:\/\/www.linkedin.com\/in\/astrid-fiess-8b533968\/","https:\/\/www.proz.com\/profile\/2840683"]}]}},"_links":{"self":[{"href":"https:\/\/mundoconnect.co.uk\/de\/wp-json\/wp\/v2\/pages\/47","targetHints":{"allow":["GET"]}}],"collection":[{"href":"https:\/\/mundoconnect.co.uk\/de\/wp-json\/wp\/v2\/pages"}],"about":[{"href":"https:\/\/mundoconnect.co.uk\/de\/wp-json\/wp\/v2\/types\/page"}],"author":[{"embeddable":true,"href":"https:\/\/mundoconnect.co.uk\/de\/wp-json\/wp\/v2\/users\/1"}],"replies":[{"embeddable":true,"href":"https:\/\/mundoconnect.co.uk\/de\/wp-json\/wp\/v2\/comments?post=47"}],"version-history":[{"count":7,"href":"https:\/\/mundoconnect.co.uk\/de\/wp-json\/wp\/v2\/pages\/47\/revisions"}],"predecessor-version":[{"id":545,"href":"https:\/\/mundoconnect.co.uk\/de\/wp-json\/wp\/v2\/pages\/47\/revisions\/545"}],"wp:attachment":[{"href":"https:\/\/mundoconnect.co.uk\/de\/wp-json\/wp\/v2\/media?parent=47"}],"curies":[{"name":"wp","href":"https:\/\/api.w.org\/{rel}","templated":true}]}}