{"id":44,"date":"2020-04-27T14:11:21","date_gmt":"2020-04-27T14:11:21","guid":{"rendered":"https:\/\/mundoconnect.co.uk\/?page_id=44"},"modified":"2022-04-01T15:00:22","modified_gmt":"2022-04-01T15:00:22","slug":"language-training","status":"publish","type":"page","link":"https:\/\/mundoconnect.co.uk\/de\/language-training","title":{"rendered":"Sprachunterricht Deutsch"},"content":{"rendered":"<h3 class=\"wp-block-heading\">Willkommen! M\u00f6chten Sie sich auf Deutsch verst\u00e4ndigen k\u00f6nnen, sei es im Beruf, auf Reisen, in der Schule, an der Universit\u00e4t oder einfach, weil Sie gern Sprachen lernen?<\/h3>\n\n\n\n<h3 class=\"wp-block-heading\">Ich kann Ihnen helfen, Ihre individuellen Lernziele zu erreichen - online oder pers\u00f6nlich!<\/h3>\n\n\n\n<div class=\"wp-block-buttons is-layout-flex wp-block-buttons-is-layout-flex\">\n<div class=\"wp-block-button is-style-fill\"><a class=\"wp-block-button__link has-vivid-cyan-blue-background-color has-background\" href=\"https:\/\/mundoconnect.co.uk\/de\/contact\/\" rel=\"https:\/\/mundoconnect.co.uk\/contact\"><strong>Anfrage und kostenlose Probestunde buchen<\/strong><\/a><\/div>\n<\/div>\n\n\n\n<h2 class=\"wp-block-heading\"><\/h2>\n\n\n\n<div class=\"wp-block-columns is-layout-flex wp-container-core-columns-is-layout-9d6595d7 wp-block-columns-is-layout-flex\">\n<div class=\"wp-block-column is-layout-flow wp-block-column-is-layout-flow\">\n<figure class=\"wp-block-image size-large\"><img loading=\"lazy\" decoding=\"async\" width=\"1024\" height=\"683\" src=\"https:\/\/mundoconnect.co.uk\/wp-content\/uploads\/2021\/02\/pexels-fauxels-3183150-business-meeting-1024x683.jpg\" alt=\"\" class=\"wp-image-451\" srcset=\"https:\/\/mundoconnect.co.uk\/wp-content\/uploads\/2021\/02\/pexels-fauxels-3183150-business-meeting-1024x683.jpg 1024w, https:\/\/mundoconnect.co.uk\/wp-content\/uploads\/2021\/02\/pexels-fauxels-3183150-business-meeting-300x200.jpg 300w, https:\/\/mundoconnect.co.uk\/wp-content\/uploads\/2021\/02\/pexels-fauxels-3183150-business-meeting-768x513.jpg 768w, https:\/\/mundoconnect.co.uk\/wp-content\/uploads\/2021\/02\/pexels-fauxels-3183150-business-meeting-1536x1025.jpg 1536w, https:\/\/mundoconnect.co.uk\/wp-content\/uploads\/2021\/02\/pexels-fauxels-3183150-business-meeting-2048x1367.jpg 2048w, https:\/\/mundoconnect.co.uk\/wp-content\/uploads\/2021\/02\/pexels-fauxels-3183150-business-meeting-16x12.jpg 16w, https:\/\/mundoconnect.co.uk\/wp-content\/uploads\/2021\/02\/pexels-fauxels-3183150-business-meeting-1618x1080.jpg 1618w\" sizes=\"auto, (max-width: 1024px) 100vw, 1024px\" \/><\/figure>\n\n\n\n<h2 class=\"wp-block-heading\"><strong>German or English for Business<\/strong><\/h2>\n\n\n\n<p class=\"has-very-dark-gray-color has-text-color\" style=\"font-size:18px\">Gute Kommunikation ist im Berufsalltag das A und O und Sprachkenntnisse k\u00f6nnen Barrieren \u00fcberwinden. Ich kann Ihnen helfen, <strong>effizient mit Ihren deutschsprachigen Kunden und Gesch\u00e4ftspartnern zu kommunizieren<\/strong>. <\/p>\n\n\n\n<p class=\"has-very-dark-gray-color has-text-color\" style=\"font-size:18px\">Der Unterricht kann als <strong>Einzelunterricht <\/strong>oder in Gruppen von <strong>bis zu 10 Personen<\/strong>, in Ihren Gesch\u00e4ftsr\u00e4umen oder online stattfinden und wird individuell auf die Bed\u00fcrfnisse Ihres Unternehmens zugeschnitten.<\/p>\n<\/div>\n\n\n\n<div class=\"wp-block-column is-layout-flow wp-block-column-is-layout-flow\">\n<figure class=\"wp-block-image size-large\"><img loading=\"lazy\" decoding=\"async\" width=\"1024\" height=\"768\" src=\"https:\/\/mundoconnect.co.uk\/wp-content\/uploads\/2021\/02\/pexels-jess-bailey-designs-768474-1024x768.jpg\" alt=\"\" class=\"wp-image-455\" srcset=\"https:\/\/mundoconnect.co.uk\/wp-content\/uploads\/2021\/02\/pexels-jess-bailey-designs-768474-1024x768.jpg 1024w, https:\/\/mundoconnect.co.uk\/wp-content\/uploads\/2021\/02\/pexels-jess-bailey-designs-768474-300x225.jpg 300w, https:\/\/mundoconnect.co.uk\/wp-content\/uploads\/2021\/02\/pexels-jess-bailey-designs-768474-768x576.jpg 768w, https:\/\/mundoconnect.co.uk\/wp-content\/uploads\/2021\/02\/pexels-jess-bailey-designs-768474-1536x1152.jpg 1536w, https:\/\/mundoconnect.co.uk\/wp-content\/uploads\/2021\/02\/pexels-jess-bailey-designs-768474-2048x1536.jpg 2048w, https:\/\/mundoconnect.co.uk\/wp-content\/uploads\/2021\/02\/pexels-jess-bailey-designs-768474-16x12.jpg 16w, https:\/\/mundoconnect.co.uk\/wp-content\/uploads\/2021\/02\/pexels-jess-bailey-designs-768474-1440x1080.jpg 1440w\" sizes=\"auto, (max-width: 1024px) 100vw, 1024px\" \/><\/figure>\n\n\n\n<h2 class=\"has-vivid-red-color has-text-color wp-block-heading\"><strong>Deutsch f\u00fcr Schule und Universit\u00e4t<\/strong><\/h2>\n\n\n\n<p class=\"has-very-dark-gray-color has-text-color translation-block\" style=\"font-size:18px\">Bereitest du dich auf deine Deutschpr\u00fcfungen f\u00fcr <strong>GCSE<\/strong>, <strong>A level<\/strong> oder die <strong>Universit\u00e4t<\/strong> vor? Brauchst du jemanden, der dir <strong>Grammatik endlich richtig erkl\u00e4rt<\/strong>, dir mit <strong>Lerntechniken<\/strong> hilft oder mit dir f\u00fcr deine <strong>m\u00fcndliche Pr\u00fcfung<\/strong> \u00fcbt?<\/p>\n\n\n\n<p class=\"has-very-dark-gray-color has-text-color\" style=\"font-size:18px\">Ich habe jahrelange Lehrerfahrung und kann dir helfen, den Stoff effektiv zu lernen und zu vertiefen. <\/p>\n\n\n\n<p class=\"has-very-dark-gray-color has-text-color translation-block\" style=\"font-size:18px\">Der Unterricht kann <strong>einzeln <\/strong>oder <strong>zu zweit<\/strong> stattfinden, und wird ganz auf deine pers\u00f6nlichen Bed\u00fcrfnisse zugeschnitten.<\/p>\n<\/div>\n\n\n\n<div class=\"wp-block-column is-layout-flow wp-block-column-is-layout-flow\">\n<figure class=\"wp-block-image size-large\"><img loading=\"lazy\" decoding=\"async\" width=\"1024\" height=\"671\" src=\"https:\/\/mundoconnect.co.uk\/wp-content\/uploads\/2021\/02\/pexels-andrea-piacquadio-3769138-plane-map-1024x671.jpg\" alt=\"\" class=\"wp-image-454\" srcset=\"https:\/\/mundoconnect.co.uk\/wp-content\/uploads\/2021\/02\/pexels-andrea-piacquadio-3769138-plane-map-1024x671.jpg 1024w, https:\/\/mundoconnect.co.uk\/wp-content\/uploads\/2021\/02\/pexels-andrea-piacquadio-3769138-plane-map-300x197.jpg 300w, https:\/\/mundoconnect.co.uk\/wp-content\/uploads\/2021\/02\/pexels-andrea-piacquadio-3769138-plane-map-768x503.jpg 768w, https:\/\/mundoconnect.co.uk\/wp-content\/uploads\/2021\/02\/pexels-andrea-piacquadio-3769138-plane-map-1536x1006.jpg 1536w, https:\/\/mundoconnect.co.uk\/wp-content\/uploads\/2021\/02\/pexels-andrea-piacquadio-3769138-plane-map-2048x1342.jpg 2048w, https:\/\/mundoconnect.co.uk\/wp-content\/uploads\/2021\/02\/pexels-andrea-piacquadio-3769138-plane-map-16x10.jpg 16w, https:\/\/mundoconnect.co.uk\/wp-content\/uploads\/2021\/02\/pexels-andrea-piacquadio-3769138-plane-map-1649x1080.jpg 1649w\" sizes=\"auto, (max-width: 1024px) 100vw, 1024px\" \/><\/figure>\n\n\n\n<h2 class=\"has-luminous-vivid-amber-color has-text-color wp-block-heading\"><strong>Deutsch f\u00fcr Freizeit und Reisen<\/strong><\/h2>\n\n\n\n<p class=\"has-very-dark-gray-color has-text-color\" style=\"font-size:18px\"><strong>Deutschland, \u00d6sterreich und die Schweiz sind fantastische Reiseziele<\/strong> mit atemberaubenden Landschaften, pulsierenden St\u00e4dten, gutem Essen und freundlichen Menschen. <\/p>\n\n\n\n<p class=\"has-very-dark-gray-color has-text-color\" style=\"font-size:18px\">Da ich selbst Reiseschriftstellerin bin und gerne reise, kann ich Ihnen einen <strong>unvergleichlichen Einblick in die Kultur und die Lebensgewohnheiten<\/strong> geben, die mit der Sprache verbunden sind. <\/p>\n\n\n\n<p class=\"has-very-dark-gray-color has-text-color\" style=\"font-size:18px\">Falls Sie gleich loslegen m\u00f6chten, biete ich sowohl <strong>Einzelunterricht <\/strong>als auch Unterricht in <strong>Kleingruppen<\/strong> an, online oder pers\u00f6nlich.<\/p>\n<\/div>\n<\/div>\n\n\n\n<div class=\"wp-block-columns is-layout-flex wp-container-core-columns-is-layout-9d6595d7 wp-block-columns-is-layout-flex\">\n<div class=\"wp-block-column is-layout-flow wp-block-column-is-layout-flow\">\n<div class=\"wp-block-buttons is-layout-flex wp-block-buttons-is-layout-flex\"><\/div>\n<\/div>\n\n\n\n<div class=\"wp-block-column is-layout-flow wp-block-column-is-layout-flow\">\n\n\n<div class=\"wp-block-buttons is-layout-flex wp-block-buttons-is-layout-flex\"><\/div>\n\n\n\n<p><\/p>\n<\/div>\n\n\n\n<div class=\"wp-block-column is-layout-flow wp-block-column-is-layout-flow\"><\/div>\n<\/div>\n\n\n\n<div class=\"wp-block-buttons is-layout-flex wp-block-buttons-is-layout-flex\"><\/div>\n\n\n\n<p><\/p>","protected":false},"excerpt":{"rendered":"<p>Willkommen! Would you like to be able to communicate in German for business, travel, school, university, or just because you love languages? I can help you achieve your goals &#8211; online or in person! German or English for Business Communication is key in business and the right language can overcome barriers. I can help you&hellip; <br \/> <a class=\"read-more\" href=\"https:\/\/mundoconnect.co.uk\/de\/language-training\">Weiterlesen<\/a><\/p>","protected":false},"author":1,"featured_media":0,"parent":0,"menu_order":0,"comment_status":"closed","ping_status":"closed","template":"","meta":{"_monsterinsights_skip_tracking":false,"_monsterinsights_sitenote_active":false,"_monsterinsights_sitenote_note":"","_monsterinsights_sitenote_category":0,"footnotes":""},"class_list":["post-44","page","type-page","status-publish","hentry"],"yoast_head":"<!-- This site is optimized with the Yoast SEO plugin v23.5 - https:\/\/yoast.com\/wordpress\/plugins\/seo\/ -->\n<title>German Language Training - Mundo Connect<\/title>\n<meta name=\"description\" content=\"German Language Training at Mundo Connect\" \/>\n<meta name=\"robots\" content=\"index, follow, max-snippet:-1, max-image-preview:large, max-video-preview:-1\" \/>\n<link rel=\"canonical\" href=\"https:\/\/mundoconnect.co.uk\/de\/language-training\/\" \/>\n<meta property=\"og:locale\" content=\"de_DE\" \/>\n<meta property=\"og:type\" content=\"article\" \/>\n<meta property=\"og:title\" content=\"German Language Training - Mundo Connect\" \/>\n<meta property=\"og:description\" content=\"German Language Training at Mundo Connect\" \/>\n<meta property=\"og:url\" content=\"https:\/\/mundoconnect.co.uk\/de\/language-training\/\" \/>\n<meta property=\"og:site_name\" content=\"Mundo Connect\" \/>\n<meta property=\"article:modified_time\" content=\"2022-04-01T15:00:22+00:00\" \/>\n<meta property=\"og:image\" content=\"https:\/\/mundoconnect.co.uk\/wp-content\/uploads\/2021\/02\/pexels-fauxels-3183150-business-meeting-1024x683.jpg\" \/>\n<meta name=\"twitter:card\" content=\"summary_large_image\" \/>\n<meta name=\"twitter:label1\" content=\"Gesch\u00e4tzte Lesezeit\" \/>\n\t<meta name=\"twitter:data1\" content=\"2\u00a0Minuten\" \/>\n<script type=\"application\/ld+json\" class=\"yoast-schema-graph\">{\"@context\":\"https:\/\/schema.org\",\"@graph\":[{\"@type\":\"WebPage\",\"@id\":\"https:\/\/mundoconnect.co.uk\/language-training\",\"url\":\"https:\/\/mundoconnect.co.uk\/language-training\",\"name\":\"German Language Training - Mundo Connect\",\"isPartOf\":{\"@id\":\"https:\/\/mundoconnect.co.uk\/#website\"},\"primaryImageOfPage\":{\"@id\":\"https:\/\/mundoconnect.co.uk\/language-training#primaryimage\"},\"image\":{\"@id\":\"https:\/\/mundoconnect.co.uk\/language-training#primaryimage\"},\"thumbnailUrl\":\"https:\/\/mundoconnect.co.uk\/wp-content\/uploads\/2021\/02\/pexels-fauxels-3183150-business-meeting-1024x683.jpg\",\"datePublished\":\"2020-04-27T14:11:21+00:00\",\"dateModified\":\"2022-04-01T15:00:22+00:00\",\"description\":\"German Language Training at Mundo Connect\",\"breadcrumb\":{\"@id\":\"https:\/\/mundoconnect.co.uk\/language-training#breadcrumb\"},\"inLanguage\":\"de\",\"potentialAction\":[{\"@type\":\"ReadAction\",\"target\":[\"https:\/\/mundoconnect.co.uk\/language-training\"]}]},{\"@type\":\"ImageObject\",\"inLanguage\":\"de\",\"@id\":\"https:\/\/mundoconnect.co.uk\/language-training#primaryimage\",\"url\":\"https:\/\/mundoconnect.co.uk\/wp-content\/uploads\/2021\/02\/pexels-fauxels-3183150-business-meeting-1024x683.jpg\",\"contentUrl\":\"https:\/\/mundoconnect.co.uk\/wp-content\/uploads\/2021\/02\/pexels-fauxels-3183150-business-meeting-1024x683.jpg\"},{\"@type\":\"BreadcrumbList\",\"@id\":\"https:\/\/mundoconnect.co.uk\/language-training#breadcrumb\",\"itemListElement\":[{\"@type\":\"ListItem\",\"position\":1,\"name\":\"Home\",\"item\":\"https:\/\/mundoconnect.co.uk\/\"},{\"@type\":\"ListItem\",\"position\":2,\"name\":\"German Language Training\"}]},{\"@type\":\"WebSite\",\"@id\":\"https:\/\/mundoconnect.co.uk\/#website\",\"url\":\"https:\/\/mundoconnect.co.uk\/\",\"name\":\"Mundo Connect\",\"description\":\"English - German Language Services\",\"publisher\":{\"@id\":\"https:\/\/mundoconnect.co.uk\/#organization\"},\"potentialAction\":[{\"@type\":\"SearchAction\",\"target\":{\"@type\":\"EntryPoint\",\"urlTemplate\":\"https:\/\/mundoconnect.co.uk\/?s={search_term_string}\"},\"query-input\":{\"@type\":\"PropertyValueSpecification\",\"valueRequired\":true,\"valueName\":\"search_term_string\"}}],\"inLanguage\":\"de\"},{\"@type\":\"Organization\",\"@id\":\"https:\/\/mundoconnect.co.uk\/#organization\",\"name\":\"Mundo Connect\",\"url\":\"https:\/\/mundoconnect.co.uk\/\",\"logo\":{\"@type\":\"ImageObject\",\"inLanguage\":\"de\",\"@id\":\"https:\/\/mundoconnect.co.uk\/#\/schema\/logo\/image\/\",\"url\":\"https:\/\/mundoconnect.co.uk\/wp-content\/uploads\/2020\/04\/cropped-Mundo-Connect-Logo-3.jpg\",\"contentUrl\":\"https:\/\/mundoconnect.co.uk\/wp-content\/uploads\/2020\/04\/cropped-Mundo-Connect-Logo-3.jpg\",\"width\":582,\"height\":265,\"caption\":\"Mundo Connect\"},\"image\":{\"@id\":\"https:\/\/mundoconnect.co.uk\/#\/schema\/logo\/image\/\"},\"sameAs\":[\"https:\/\/www.linkedin.com\/in\/astrid-fiess-8b533968\/\",\"https:\/\/www.proz.com\/profile\/2840683\"]}]}<\/script>\n<!-- \/ Yoast SEO plugin. -->","yoast_head_json":{"title":"German Language Training - Mundo Connect","description":"German Language Training at Mundo Connect","robots":{"index":"index","follow":"follow","max-snippet":"max-snippet:-1","max-image-preview":"max-image-preview:large","max-video-preview":"max-video-preview:-1"},"canonical":"https:\/\/mundoconnect.co.uk\/de\/language-training\/","og_locale":"de_DE","og_type":"article","og_title":"German Language Training - Mundo Connect","og_description":"German Language Training at Mundo Connect","og_url":"https:\/\/mundoconnect.co.uk\/de\/language-training\/","og_site_name":"Mundo Connect","article_modified_time":"2022-04-01T15:00:22+00:00","og_image":[{"url":"https:\/\/mundoconnect.co.uk\/wp-content\/uploads\/2021\/02\/pexels-fauxels-3183150-business-meeting-1024x683.jpg"}],"twitter_card":"summary_large_image","twitter_misc":{"Gesch\u00e4tzte Lesezeit":"2\u00a0Minuten"},"schema":{"@context":"https:\/\/schema.org","@graph":[{"@type":"WebPage","@id":"https:\/\/mundoconnect.co.uk\/language-training","url":"https:\/\/mundoconnect.co.uk\/language-training","name":"German Language Training - Mundo Connect","isPartOf":{"@id":"https:\/\/mundoconnect.co.uk\/#website"},"primaryImageOfPage":{"@id":"https:\/\/mundoconnect.co.uk\/language-training#primaryimage"},"image":{"@id":"https:\/\/mundoconnect.co.uk\/language-training#primaryimage"},"thumbnailUrl":"https:\/\/mundoconnect.co.uk\/wp-content\/uploads\/2021\/02\/pexels-fauxels-3183150-business-meeting-1024x683.jpg","datePublished":"2020-04-27T14:11:21+00:00","dateModified":"2022-04-01T15:00:22+00:00","description":"German Language Training at Mundo Connect","breadcrumb":{"@id":"https:\/\/mundoconnect.co.uk\/language-training#breadcrumb"},"inLanguage":"de","potentialAction":[{"@type":"ReadAction","target":["https:\/\/mundoconnect.co.uk\/language-training"]}]},{"@type":"ImageObject","inLanguage":"de","@id":"https:\/\/mundoconnect.co.uk\/language-training#primaryimage","url":"https:\/\/mundoconnect.co.uk\/wp-content\/uploads\/2021\/02\/pexels-fauxels-3183150-business-meeting-1024x683.jpg","contentUrl":"https:\/\/mundoconnect.co.uk\/wp-content\/uploads\/2021\/02\/pexels-fauxels-3183150-business-meeting-1024x683.jpg"},{"@type":"BreadcrumbList","@id":"https:\/\/mundoconnect.co.uk\/language-training#breadcrumb","itemListElement":[{"@type":"ListItem","position":1,"name":"Home","item":"https:\/\/mundoconnect.co.uk\/"},{"@type":"ListItem","position":2,"name":"German Language Training"}]},{"@type":"WebSite","@id":"https:\/\/mundoconnect.co.uk\/#website","url":"https:\/\/mundoconnect.co.uk\/","name":"Mundo Connect","description":"English - German Language Services","publisher":{"@id":"https:\/\/mundoconnect.co.uk\/#organization"},"potentialAction":[{"@type":"SearchAction","target":{"@type":"EntryPoint","urlTemplate":"https:\/\/mundoconnect.co.uk\/?s={search_term_string}"},"query-input":{"@type":"PropertyValueSpecification","valueRequired":true,"valueName":"search_term_string"}}],"inLanguage":"de"},{"@type":"Organization","@id":"https:\/\/mundoconnect.co.uk\/#organization","name":"Mundo Connect","url":"https:\/\/mundoconnect.co.uk\/","logo":{"@type":"ImageObject","inLanguage":"de","@id":"https:\/\/mundoconnect.co.uk\/#\/schema\/logo\/image\/","url":"https:\/\/mundoconnect.co.uk\/wp-content\/uploads\/2020\/04\/cropped-Mundo-Connect-Logo-3.jpg","contentUrl":"https:\/\/mundoconnect.co.uk\/wp-content\/uploads\/2020\/04\/cropped-Mundo-Connect-Logo-3.jpg","width":582,"height":265,"caption":"Mundo Connect"},"image":{"@id":"https:\/\/mundoconnect.co.uk\/#\/schema\/logo\/image\/"},"sameAs":["https:\/\/www.linkedin.com\/in\/astrid-fiess-8b533968\/","https:\/\/www.proz.com\/profile\/2840683"]}]}},"_links":{"self":[{"href":"https:\/\/mundoconnect.co.uk\/de\/wp-json\/wp\/v2\/pages\/44","targetHints":{"allow":["GET"]}}],"collection":[{"href":"https:\/\/mundoconnect.co.uk\/de\/wp-json\/wp\/v2\/pages"}],"about":[{"href":"https:\/\/mundoconnect.co.uk\/de\/wp-json\/wp\/v2\/types\/page"}],"author":[{"embeddable":true,"href":"https:\/\/mundoconnect.co.uk\/de\/wp-json\/wp\/v2\/users\/1"}],"replies":[{"embeddable":true,"href":"https:\/\/mundoconnect.co.uk\/de\/wp-json\/wp\/v2\/comments?post=44"}],"version-history":[{"count":45,"href":"https:\/\/mundoconnect.co.uk\/de\/wp-json\/wp\/v2\/pages\/44\/revisions"}],"predecessor-version":[{"id":531,"href":"https:\/\/mundoconnect.co.uk\/de\/wp-json\/wp\/v2\/pages\/44\/revisions\/531"}],"wp:attachment":[{"href":"https:\/\/mundoconnect.co.uk\/de\/wp-json\/wp\/v2\/media?parent=44"}],"curies":[{"name":"wp","href":"https:\/\/api.w.org\/{rel}","templated":true}]}}