{"id":374,"date":"2020-10-02T17:57:15","date_gmt":"2020-10-02T17:57:15","guid":{"rendered":"https:\/\/mundoconnect.co.uk\/?page_id=374"},"modified":"2022-04-01T15:09:22","modified_gmt":"2022-04-01T15:09:22","slug":"business-english","status":"publish","type":"page","link":"https:\/\/mundoconnect.co.uk\/de\/business-english","title":{"rendered":"Sprachunterricht Business Englisch"},"content":{"rendered":"<div class=\"wp-block-columns is-layout-flex wp-container-core-columns-is-layout-9d6595d7 wp-block-columns-is-layout-flex\">\n<div class=\"wp-block-column is-layout-flow wp-block-column-is-layout-flow\">\n<figure class=\"wp-block-image size-large\"><img loading=\"lazy\" decoding=\"async\" width=\"1024\" height=\"681\" src=\"https:\/\/mundoconnect.co.uk\/wp-content\/uploads\/2022\/04\/English-Photo-by-Clarissa-Watson-on-Unsplash-1024x681.jpg\" alt=\"\" class=\"wp-image-506\" srcset=\"https:\/\/mundoconnect.co.uk\/wp-content\/uploads\/2022\/04\/English-Photo-by-Clarissa-Watson-on-Unsplash-1024x681.jpg 1024w, https:\/\/mundoconnect.co.uk\/wp-content\/uploads\/2022\/04\/English-Photo-by-Clarissa-Watson-on-Unsplash-300x199.jpg 300w, https:\/\/mundoconnect.co.uk\/wp-content\/uploads\/2022\/04\/English-Photo-by-Clarissa-Watson-on-Unsplash-768x511.jpg 768w, https:\/\/mundoconnect.co.uk\/wp-content\/uploads\/2022\/04\/English-Photo-by-Clarissa-Watson-on-Unsplash-1536x1021.jpg 1536w, https:\/\/mundoconnect.co.uk\/wp-content\/uploads\/2022\/04\/English-Photo-by-Clarissa-Watson-on-Unsplash-2048x1362.jpg 2048w, https:\/\/mundoconnect.co.uk\/wp-content\/uploads\/2022\/04\/English-Photo-by-Clarissa-Watson-on-Unsplash-18x12.jpg 18w, https:\/\/mundoconnect.co.uk\/wp-content\/uploads\/2022\/04\/English-Photo-by-Clarissa-Watson-on-Unsplash-1624x1080.jpg 1624w\" sizes=\"auto, (max-width: 1024px) 100vw, 1024px\" \/><\/figure>\n<\/div>\n\n\n\n<div class=\"wp-block-column is-layout-flow wp-block-column-is-layout-flow\">\n<div class=\"wp-block-buttons is-layout-flex wp-block-buttons-is-layout-flex\">\n<div class=\"wp-block-button is-style-fill\"><a class=\"wp-block-button__link has-white-color has-vivid-cyan-blue-background-color has-text-color has-background\" href=\"\/de\/mundoconnect.co.uk\/contact\/\">Anfrage und kostenlose Probestunde buchen<\/a><\/div>\n<\/div>\n\n\n\n<p>\u00a0<\/p>\n<p><span style=\"color: #000000;\">Business Englisch-Kenntnisse im Beruf gewinnen in einer globalisierten Welt immer mehr an Bedeutung.<\/span><\/p>\n<p><span style=\"color: #000000;\">Ist Ihr<\/span><span style=\"color: #000000;\"> Unter<\/span><span style=\"color: #000000;\">nehmen<\/span><span style=\"color: #000000;\"> international t\u00e4tig und Sie brauchen Englisch, um intern oder mit Kunden zu kommunizieren? Sind Sie beruflich unterwegs und m\u00f6chten Ihre Englischkenntnisse verbessern, um Vortr\u00e4ge zu halten oder Gesch\u00e4ftskontakte zu kn\u00fcpfen?<\/span><\/p>\n<p><span style=\"color: #000000;\">Mein ma\u00dfgeschneiderter Business Englisch-Unterricht unterst\u00fctzt Sie dabei, Ihre Sprachkenntnisse zu verbessern <\/span><span style=\"color: #000000;\">und mit mehr Selbstvertrauen zu kommunizieren.<\/span><\/p>\n<\/div>\n<\/div>\n\n\n\n<div class=\"wp-block-buttons is-layout-flex wp-block-buttons-is-layout-flex\"><\/div>\n\n\n\n<p><\/p>","protected":false},"excerpt":{"rendered":"<p>\u00a0 Business English skills are becoming more and more important in a globalised world. Does your company operate internationally and you need English to communicate internally or with clients? Do you travel for work and want to improve your English skills to give talks or connect with business contacts? I offer tailor-made Business English lessons&hellip; <br \/> <a class=\"read-more\" href=\"https:\/\/mundoconnect.co.uk\/de\/business-english\">Weiterlesen<\/a><\/p>","protected":false},"author":1,"featured_media":0,"parent":0,"menu_order":0,"comment_status":"closed","ping_status":"closed","template":"","meta":{"_monsterinsights_skip_tracking":false,"_monsterinsights_sitenote_active":false,"_monsterinsights_sitenote_note":"","_monsterinsights_sitenote_category":0,"footnotes":""},"class_list":["post-374","page","type-page","status-publish","hentry"],"yoast_head":"<!-- This site is optimized with the Yoast SEO plugin v23.5 - https:\/\/yoast.com\/wordpress\/plugins\/seo\/ -->\n<title>Business English Training - Mundo Connect<\/title>\n<meta name=\"description\" content=\"Business English Training at Mundo Connect\" \/>\n<meta name=\"robots\" content=\"index, follow, max-snippet:-1, max-image-preview:large, max-video-preview:-1\" \/>\n<link rel=\"canonical\" href=\"https:\/\/mundoconnect.co.uk\/de\/business-english\/\" \/>\n<meta property=\"og:locale\" content=\"de_DE\" \/>\n<meta property=\"og:type\" content=\"article\" \/>\n<meta property=\"og:title\" content=\"Business English Training - Mundo Connect\" \/>\n<meta property=\"og:description\" content=\"Business English Training at Mundo Connect\" \/>\n<meta property=\"og:url\" content=\"https:\/\/mundoconnect.co.uk\/de\/business-english\/\" \/>\n<meta property=\"og:site_name\" content=\"Mundo Connect\" \/>\n<meta property=\"article:modified_time\" content=\"2022-04-01T15:09:22+00:00\" \/>\n<meta property=\"og:image\" content=\"https:\/\/mundoconnect.co.uk\/wp-content\/uploads\/2022\/04\/English-Photo-by-Clarissa-Watson-on-Unsplash-1024x681.jpg\" \/>\n<meta name=\"twitter:card\" content=\"summary_large_image\" \/>\n<meta name=\"twitter:label1\" content=\"Gesch\u00e4tzte Lesezeit\" \/>\n\t<meta name=\"twitter:data1\" content=\"1\u00a0Minute\" \/>\n<script type=\"application\/ld+json\" class=\"yoast-schema-graph\">{\"@context\":\"https:\/\/schema.org\",\"@graph\":[{\"@type\":\"WebPage\",\"@id\":\"https:\/\/mundoconnect.co.uk\/business-english\",\"url\":\"https:\/\/mundoconnect.co.uk\/business-english\",\"name\":\"Business English Training - Mundo Connect\",\"isPartOf\":{\"@id\":\"https:\/\/mundoconnect.co.uk\/#website\"},\"primaryImageOfPage\":{\"@id\":\"https:\/\/mundoconnect.co.uk\/business-english#primaryimage\"},\"image\":{\"@id\":\"https:\/\/mundoconnect.co.uk\/business-english#primaryimage\"},\"thumbnailUrl\":\"https:\/\/mundoconnect.co.uk\/wp-content\/uploads\/2022\/04\/English-Photo-by-Clarissa-Watson-on-Unsplash-1024x681.jpg\",\"datePublished\":\"2020-10-02T17:57:15+00:00\",\"dateModified\":\"2022-04-01T15:09:22+00:00\",\"description\":\"Business English Training at Mundo Connect\",\"breadcrumb\":{\"@id\":\"https:\/\/mundoconnect.co.uk\/business-english#breadcrumb\"},\"inLanguage\":\"de\",\"potentialAction\":[{\"@type\":\"ReadAction\",\"target\":[\"https:\/\/mundoconnect.co.uk\/business-english\"]}]},{\"@type\":\"ImageObject\",\"inLanguage\":\"de\",\"@id\":\"https:\/\/mundoconnect.co.uk\/business-english#primaryimage\",\"url\":\"https:\/\/mundoconnect.co.uk\/wp-content\/uploads\/2022\/04\/English-Photo-by-Clarissa-Watson-on-Unsplash-1024x681.jpg\",\"contentUrl\":\"https:\/\/mundoconnect.co.uk\/wp-content\/uploads\/2022\/04\/English-Photo-by-Clarissa-Watson-on-Unsplash-1024x681.jpg\"},{\"@type\":\"BreadcrumbList\",\"@id\":\"https:\/\/mundoconnect.co.uk\/business-english#breadcrumb\",\"itemListElement\":[{\"@type\":\"ListItem\",\"position\":1,\"name\":\"Home\",\"item\":\"https:\/\/mundoconnect.co.uk\/\"},{\"@type\":\"ListItem\",\"position\":2,\"name\":\"Business English Training\"}]},{\"@type\":\"WebSite\",\"@id\":\"https:\/\/mundoconnect.co.uk\/#website\",\"url\":\"https:\/\/mundoconnect.co.uk\/\",\"name\":\"Mundo Connect\",\"description\":\"English - German Language Services\",\"publisher\":{\"@id\":\"https:\/\/mundoconnect.co.uk\/#organization\"},\"potentialAction\":[{\"@type\":\"SearchAction\",\"target\":{\"@type\":\"EntryPoint\",\"urlTemplate\":\"https:\/\/mundoconnect.co.uk\/?s={search_term_string}\"},\"query-input\":{\"@type\":\"PropertyValueSpecification\",\"valueRequired\":true,\"valueName\":\"search_term_string\"}}],\"inLanguage\":\"de\"},{\"@type\":\"Organization\",\"@id\":\"https:\/\/mundoconnect.co.uk\/#organization\",\"name\":\"Mundo Connect\",\"url\":\"https:\/\/mundoconnect.co.uk\/\",\"logo\":{\"@type\":\"ImageObject\",\"inLanguage\":\"de\",\"@id\":\"https:\/\/mundoconnect.co.uk\/#\/schema\/logo\/image\/\",\"url\":\"https:\/\/mundoconnect.co.uk\/wp-content\/uploads\/2020\/04\/cropped-Mundo-Connect-Logo-3.jpg\",\"contentUrl\":\"https:\/\/mundoconnect.co.uk\/wp-content\/uploads\/2020\/04\/cropped-Mundo-Connect-Logo-3.jpg\",\"width\":582,\"height\":265,\"caption\":\"Mundo Connect\"},\"image\":{\"@id\":\"https:\/\/mundoconnect.co.uk\/#\/schema\/logo\/image\/\"},\"sameAs\":[\"https:\/\/www.linkedin.com\/in\/astrid-fiess-8b533968\/\",\"https:\/\/www.proz.com\/profile\/2840683\"]}]}<\/script>\n<!-- \/ Yoast SEO plugin. -->","yoast_head_json":{"title":"Business English Training - Mundo Connect","description":"Business English Training at Mundo Connect","robots":{"index":"index","follow":"follow","max-snippet":"max-snippet:-1","max-image-preview":"max-image-preview:large","max-video-preview":"max-video-preview:-1"},"canonical":"https:\/\/mundoconnect.co.uk\/de\/business-english\/","og_locale":"de_DE","og_type":"article","og_title":"Business English Training - Mundo Connect","og_description":"Business English Training at Mundo Connect","og_url":"https:\/\/mundoconnect.co.uk\/de\/business-english\/","og_site_name":"Mundo Connect","article_modified_time":"2022-04-01T15:09:22+00:00","og_image":[{"url":"https:\/\/mundoconnect.co.uk\/wp-content\/uploads\/2022\/04\/English-Photo-by-Clarissa-Watson-on-Unsplash-1024x681.jpg"}],"twitter_card":"summary_large_image","twitter_misc":{"Gesch\u00e4tzte Lesezeit":"1\u00a0Minute"},"schema":{"@context":"https:\/\/schema.org","@graph":[{"@type":"WebPage","@id":"https:\/\/mundoconnect.co.uk\/business-english","url":"https:\/\/mundoconnect.co.uk\/business-english","name":"Business English Training - Mundo Connect","isPartOf":{"@id":"https:\/\/mundoconnect.co.uk\/#website"},"primaryImageOfPage":{"@id":"https:\/\/mundoconnect.co.uk\/business-english#primaryimage"},"image":{"@id":"https:\/\/mundoconnect.co.uk\/business-english#primaryimage"},"thumbnailUrl":"https:\/\/mundoconnect.co.uk\/wp-content\/uploads\/2022\/04\/English-Photo-by-Clarissa-Watson-on-Unsplash-1024x681.jpg","datePublished":"2020-10-02T17:57:15+00:00","dateModified":"2022-04-01T15:09:22+00:00","description":"Business English Training at Mundo Connect","breadcrumb":{"@id":"https:\/\/mundoconnect.co.uk\/business-english#breadcrumb"},"inLanguage":"de","potentialAction":[{"@type":"ReadAction","target":["https:\/\/mundoconnect.co.uk\/business-english"]}]},{"@type":"ImageObject","inLanguage":"de","@id":"https:\/\/mundoconnect.co.uk\/business-english#primaryimage","url":"https:\/\/mundoconnect.co.uk\/wp-content\/uploads\/2022\/04\/English-Photo-by-Clarissa-Watson-on-Unsplash-1024x681.jpg","contentUrl":"https:\/\/mundoconnect.co.uk\/wp-content\/uploads\/2022\/04\/English-Photo-by-Clarissa-Watson-on-Unsplash-1024x681.jpg"},{"@type":"BreadcrumbList","@id":"https:\/\/mundoconnect.co.uk\/business-english#breadcrumb","itemListElement":[{"@type":"ListItem","position":1,"name":"Home","item":"https:\/\/mundoconnect.co.uk\/"},{"@type":"ListItem","position":2,"name":"Business English Training"}]},{"@type":"WebSite","@id":"https:\/\/mundoconnect.co.uk\/#website","url":"https:\/\/mundoconnect.co.uk\/","name":"Mundo Connect","description":"English - German Language Services","publisher":{"@id":"https:\/\/mundoconnect.co.uk\/#organization"},"potentialAction":[{"@type":"SearchAction","target":{"@type":"EntryPoint","urlTemplate":"https:\/\/mundoconnect.co.uk\/?s={search_term_string}"},"query-input":{"@type":"PropertyValueSpecification","valueRequired":true,"valueName":"search_term_string"}}],"inLanguage":"de"},{"@type":"Organization","@id":"https:\/\/mundoconnect.co.uk\/#organization","name":"Mundo Connect","url":"https:\/\/mundoconnect.co.uk\/","logo":{"@type":"ImageObject","inLanguage":"de","@id":"https:\/\/mundoconnect.co.uk\/#\/schema\/logo\/image\/","url":"https:\/\/mundoconnect.co.uk\/wp-content\/uploads\/2020\/04\/cropped-Mundo-Connect-Logo-3.jpg","contentUrl":"https:\/\/mundoconnect.co.uk\/wp-content\/uploads\/2020\/04\/cropped-Mundo-Connect-Logo-3.jpg","width":582,"height":265,"caption":"Mundo Connect"},"image":{"@id":"https:\/\/mundoconnect.co.uk\/#\/schema\/logo\/image\/"},"sameAs":["https:\/\/www.linkedin.com\/in\/astrid-fiess-8b533968\/","https:\/\/www.proz.com\/profile\/2840683"]}]}},"_links":{"self":[{"href":"https:\/\/mundoconnect.co.uk\/de\/wp-json\/wp\/v2\/pages\/374","targetHints":{"allow":["GET"]}}],"collection":[{"href":"https:\/\/mundoconnect.co.uk\/de\/wp-json\/wp\/v2\/pages"}],"about":[{"href":"https:\/\/mundoconnect.co.uk\/de\/wp-json\/wp\/v2\/types\/page"}],"author":[{"embeddable":true,"href":"https:\/\/mundoconnect.co.uk\/de\/wp-json\/wp\/v2\/users\/1"}],"replies":[{"embeddable":true,"href":"https:\/\/mundoconnect.co.uk\/de\/wp-json\/wp\/v2\/comments?post=374"}],"version-history":[{"count":22,"href":"https:\/\/mundoconnect.co.uk\/de\/wp-json\/wp\/v2\/pages\/374\/revisions"}],"predecessor-version":[{"id":534,"href":"https:\/\/mundoconnect.co.uk\/de\/wp-json\/wp\/v2\/pages\/374\/revisions\/534"}],"wp:attachment":[{"href":"https:\/\/mundoconnect.co.uk\/de\/wp-json\/wp\/v2\/media?parent=374"}],"curies":[{"name":"wp","href":"https:\/\/api.w.org\/{rel}","templated":true}]}}