{"id":357,"date":"2020-10-02T17:44:15","date_gmt":"2020-10-02T17:44:15","guid":{"rendered":"https:\/\/mundoconnect.co.uk\/mesmerize-2"},"modified":"2022-04-04T07:16:21","modified_gmt":"2022-04-04T07:16:21","slug":"mesmerize-2","status":"publish","type":"page","link":"https:\/\/mundoconnect.co.uk\/de\/","title":{"rendered":"Startseite"},"content":{"rendered":"<div id=\"overlappable-4\" class=\"overlappable-4 content-section content-section-spacing\" style=\"background-color: #ffffff;\" data-label=\"Overlappable\" data-id=\"overlappable-4\" data-export-id=\"overlappable-4\" data-category=\"overlappable\" data-overlap=\"true\">\n<div class=\"gridContainer\">\n<div class=\"row spaced-cols text-center\" data-type=\"row\">\n<div class=\"col-xs-12 col-sm-4 col-padding\"><i class=\"fa icon shadow-large-black aligncenter color1 fa-pencil reverse round large\"><\/i>\n<div class=\"\" data-type=\"column\">\n<h3 class=\"\"><strong>\u00dcBERSETZUNGEN <\/strong><\/h3>\n<h3 class=\"\"><strong>ENGLISH \u2013 DEUTSCH<\/strong><\/h3>\n<p class=\"\"><span style=\"color: #000000;\">Sie k\u00f6nnen sich auf einen schnellen, genauen und professionellen Service verlassen. Alle Dokumente werden mit \u00e4u\u00dferster Sorgfalt \u00fcbersetzt und streng vertraulich behandelt. Meine Spezialgebiete sind Reisen und Tourismus, Kunst und Kultur, Bildung, Kulinarisches, Ern\u00e4hrung und Wellness, sowie Gartenbau.<\/span>\n<span style=\"color: #000000;\">Ich w\u00fcrde Ihnen gerne bei Ihrem n\u00e4chsten Projekt helfen.<\/span><\/p>\n<strong class=\"\"><a class=\"button blue\" href=\"https:\/\/mundoconnect.co.uk\/de\/translations-english-german\/\" target=\"_self\" rel=\"noopener noreferrer\" data-cp-link=\"1\">MEHR ERFAHREN<\/a><\/strong>\n\n<\/div>\n<\/div>\n<div class=\"col-xs-12 col-sm-4 col-padding\"><i class=\"fa icon shadow-large-black aligncenter color1 fa-comments-o reverse round large\"><\/i>\n<div class=\"\" data-type=\"column\">\n<h3 class=\"\"><strong>SPRACHUNTERRICHT <\/strong><\/h3>\n<h3 class=\"\"><strong>DEUTSCH<\/strong><\/h3>\n<p class=\"\"><span style=\"color: #000000;\">Ob Unternehmen oder Privatperson, ich biete Ihnen kompetenten, gut strukturierten und freundlichen Deutschunterricht, der ganz auf Ihre Bed\u00fcrfnisse zugeschnitten ist, online oder pers\u00f6nlich.<\/span><\/p>\n<a class=\"button blue\" href=\"https:\/\/mundoconnect.co.uk\/de\/language-training\/\" target=\"_self\" rel=\"noopener noreferrer\" data-cp-link=\"1\">MEHR ERFAHREN<\/a>\n\n<\/div>\n<\/div>\n<div class=\"col-xs-12 col-sm-4 col-padding\"><i class=\"fa icon shadow-large-black aligncenter color1 fa-comments reverse round large\"><\/i>\n<div class=\"\" data-type=\"column\">\n<h3 class=\"\"><strong>SPRACHUNTERRICHT<\/strong><\/h3>\n<h3 class=\"\"><strong>BUSINESS ENGLISCH<\/strong><\/h3>\n<p class=\"\"><span style=\"color: #000000;\">Brauchen Sie gute Englischkenntnisse im Beruf? M\u00f6chten Sie in der Lage sein, in einer zunehmend globalisierten Welt selbstbewusst auf Englisch zu kommunizieren? Ich helfe gerne, Ihre pers\u00f6nlichen Ziele zu erreichen.<\/span><\/p>\n<strong class=\"\"><a class=\"button blue\" style=\"outline-width: 0px !important; user-select: auto !important;\" href=\"https:\/\/mundoconnect.co.uk\/de\/business-english\/\" target=\"_self\" rel=\"noopener noreferrer\" data-cp-link=\"1\">MEHR ERFAHREN<\/a><\/strong>\n\n<\/div>\n<\/div>\n<\/div>\n<\/div>\n<\/div>","protected":false},"excerpt":{"rendered":"<p>TRANSLATIONS ENGLISH \u2013 GERMAN You can rely on a fast, accurate and professional service. All documents are translated with the utmost care and treated in the strictest confidence. My specialisations are Travel and Tourism, Art and Culture, Education, Food and Wellbeing as well as Gardening and Horticulture. I would love to help you with your&hellip; <br \/> <a class=\"read-more\" href=\"https:\/\/mundoconnect.co.uk\/de\/\">Weiterlesen<\/a><\/p>","protected":false},"author":1,"featured_media":0,"parent":0,"menu_order":0,"comment_status":"closed","ping_status":"closed","template":"page-templates\/homepage.php","meta":{"_monsterinsights_skip_tracking":false,"_monsterinsights_sitenote_active":false,"_monsterinsights_sitenote_note":"","_monsterinsights_sitenote_category":0,"footnotes":""},"class_list":["post-357","page","type-page","status-publish","hentry"],"yoast_head":"<!-- This site is optimized with the Yoast SEO plugin v23.5 - https:\/\/yoast.com\/wordpress\/plugins\/seo\/ -->\n<title>Home - Mundo Connect<\/title>\n<meta name=\"description\" content=\"Mundo Connect: English-German language services\" \/>\n<meta name=\"robots\" content=\"index, follow, max-snippet:-1, max-image-preview:large, max-video-preview:-1\" \/>\n<link rel=\"canonical\" href=\"https:\/\/mundoconnect.co.uk\/de\/\" \/>\n<meta property=\"og:locale\" content=\"de_DE\" \/>\n<meta property=\"og:type\" content=\"article\" \/>\n<meta property=\"og:title\" content=\"Home - Mundo Connect\" \/>\n<meta property=\"og:description\" content=\"Mundo Connect: English-German language services\" \/>\n<meta property=\"og:url\" content=\"https:\/\/mundoconnect.co.uk\/de\/\" \/>\n<meta property=\"og:site_name\" content=\"Mundo Connect\" \/>\n<meta property=\"article:modified_time\" content=\"2022-04-04T07:16:21+00:00\" \/>\n<meta name=\"twitter:card\" content=\"summary_large_image\" \/>\n<meta name=\"twitter:label1\" content=\"Gesch\u00e4tzte Lesezeit\" \/>\n\t<meta name=\"twitter:data1\" content=\"1\u00a0Minute\" \/>\n<script type=\"application\/ld+json\" class=\"yoast-schema-graph\">{\"@context\":\"https:\/\/schema.org\",\"@graph\":[{\"@type\":\"WebPage\",\"@id\":\"https:\/\/mundoconnect.co.uk\/\",\"url\":\"https:\/\/mundoconnect.co.uk\/\",\"name\":\"Home - Mundo Connect\",\"isPartOf\":{\"@id\":\"https:\/\/mundoconnect.co.uk\/#website\"},\"datePublished\":\"2020-10-02T17:44:15+00:00\",\"dateModified\":\"2022-04-04T07:16:21+00:00\",\"description\":\"Mundo Connect: English-German language services\",\"breadcrumb\":{\"@id\":\"https:\/\/mundoconnect.co.uk\/#breadcrumb\"},\"inLanguage\":\"de\",\"potentialAction\":[{\"@type\":\"ReadAction\",\"target\":[\"https:\/\/mundoconnect.co.uk\/\"]}]},{\"@type\":\"BreadcrumbList\",\"@id\":\"https:\/\/mundoconnect.co.uk\/#breadcrumb\",\"itemListElement\":[{\"@type\":\"ListItem\",\"position\":1,\"name\":\"Home\",\"item\":\"https:\/\/mundoconnect.co.uk\/\"},{\"@type\":\"ListItem\",\"position\":2,\"name\":\"Home\"}]},{\"@type\":\"WebSite\",\"@id\":\"https:\/\/mundoconnect.co.uk\/#website\",\"url\":\"https:\/\/mundoconnect.co.uk\/\",\"name\":\"Mundo Connect\",\"description\":\"English - German Language Services\",\"publisher\":{\"@id\":\"https:\/\/mundoconnect.co.uk\/#organization\"},\"potentialAction\":[{\"@type\":\"SearchAction\",\"target\":{\"@type\":\"EntryPoint\",\"urlTemplate\":\"https:\/\/mundoconnect.co.uk\/?s={search_term_string}\"},\"query-input\":{\"@type\":\"PropertyValueSpecification\",\"valueRequired\":true,\"valueName\":\"search_term_string\"}}],\"inLanguage\":\"de\"},{\"@type\":\"Organization\",\"@id\":\"https:\/\/mundoconnect.co.uk\/#organization\",\"name\":\"Mundo Connect\",\"url\":\"https:\/\/mundoconnect.co.uk\/\",\"logo\":{\"@type\":\"ImageObject\",\"inLanguage\":\"de\",\"@id\":\"https:\/\/mundoconnect.co.uk\/#\/schema\/logo\/image\/\",\"url\":\"https:\/\/mundoconnect.co.uk\/wp-content\/uploads\/2020\/04\/cropped-Mundo-Connect-Logo-3.jpg\",\"contentUrl\":\"https:\/\/mundoconnect.co.uk\/wp-content\/uploads\/2020\/04\/cropped-Mundo-Connect-Logo-3.jpg\",\"width\":582,\"height\":265,\"caption\":\"Mundo Connect\"},\"image\":{\"@id\":\"https:\/\/mundoconnect.co.uk\/#\/schema\/logo\/image\/\"},\"sameAs\":[\"https:\/\/www.linkedin.com\/in\/astrid-fiess-8b533968\/\",\"https:\/\/www.proz.com\/profile\/2840683\"]}]}<\/script>\n<!-- \/ Yoast SEO plugin. -->","yoast_head_json":{"title":"Home - Mundo Connect","description":"Mundo Connect: English-German language services","robots":{"index":"index","follow":"follow","max-snippet":"max-snippet:-1","max-image-preview":"max-image-preview:large","max-video-preview":"max-video-preview:-1"},"canonical":"https:\/\/mundoconnect.co.uk\/de\/","og_locale":"de_DE","og_type":"article","og_title":"Home - Mundo Connect","og_description":"Mundo Connect: English-German language services","og_url":"https:\/\/mundoconnect.co.uk\/de\/","og_site_name":"Mundo Connect","article_modified_time":"2022-04-04T07:16:21+00:00","twitter_card":"summary_large_image","twitter_misc":{"Gesch\u00e4tzte Lesezeit":"1\u00a0Minute"},"schema":{"@context":"https:\/\/schema.org","@graph":[{"@type":"WebPage","@id":"https:\/\/mundoconnect.co.uk\/","url":"https:\/\/mundoconnect.co.uk\/","name":"Home - Mundo Connect","isPartOf":{"@id":"https:\/\/mundoconnect.co.uk\/#website"},"datePublished":"2020-10-02T17:44:15+00:00","dateModified":"2022-04-04T07:16:21+00:00","description":"Mundo Connect: English-German language services","breadcrumb":{"@id":"https:\/\/mundoconnect.co.uk\/#breadcrumb"},"inLanguage":"de","potentialAction":[{"@type":"ReadAction","target":["https:\/\/mundoconnect.co.uk\/"]}]},{"@type":"BreadcrumbList","@id":"https:\/\/mundoconnect.co.uk\/#breadcrumb","itemListElement":[{"@type":"ListItem","position":1,"name":"Home","item":"https:\/\/mundoconnect.co.uk\/"},{"@type":"ListItem","position":2,"name":"Home"}]},{"@type":"WebSite","@id":"https:\/\/mundoconnect.co.uk\/#website","url":"https:\/\/mundoconnect.co.uk\/","name":"Mundo Connect","description":"English - German Language Services","publisher":{"@id":"https:\/\/mundoconnect.co.uk\/#organization"},"potentialAction":[{"@type":"SearchAction","target":{"@type":"EntryPoint","urlTemplate":"https:\/\/mundoconnect.co.uk\/?s={search_term_string}"},"query-input":{"@type":"PropertyValueSpecification","valueRequired":true,"valueName":"search_term_string"}}],"inLanguage":"de"},{"@type":"Organization","@id":"https:\/\/mundoconnect.co.uk\/#organization","name":"Mundo Connect","url":"https:\/\/mundoconnect.co.uk\/","logo":{"@type":"ImageObject","inLanguage":"de","@id":"https:\/\/mundoconnect.co.uk\/#\/schema\/logo\/image\/","url":"https:\/\/mundoconnect.co.uk\/wp-content\/uploads\/2020\/04\/cropped-Mundo-Connect-Logo-3.jpg","contentUrl":"https:\/\/mundoconnect.co.uk\/wp-content\/uploads\/2020\/04\/cropped-Mundo-Connect-Logo-3.jpg","width":582,"height":265,"caption":"Mundo Connect"},"image":{"@id":"https:\/\/mundoconnect.co.uk\/#\/schema\/logo\/image\/"},"sameAs":["https:\/\/www.linkedin.com\/in\/astrid-fiess-8b533968\/","https:\/\/www.proz.com\/profile\/2840683"]}]}},"_links":{"self":[{"href":"https:\/\/mundoconnect.co.uk\/de\/wp-json\/wp\/v2\/pages\/357","targetHints":{"allow":["GET"]}}],"collection":[{"href":"https:\/\/mundoconnect.co.uk\/de\/wp-json\/wp\/v2\/pages"}],"about":[{"href":"https:\/\/mundoconnect.co.uk\/de\/wp-json\/wp\/v2\/types\/page"}],"author":[{"embeddable":true,"href":"https:\/\/mundoconnect.co.uk\/de\/wp-json\/wp\/v2\/users\/1"}],"replies":[{"embeddable":true,"href":"https:\/\/mundoconnect.co.uk\/de\/wp-json\/wp\/v2\/comments?post=357"}],"version-history":[{"count":20,"href":"https:\/\/mundoconnect.co.uk\/de\/wp-json\/wp\/v2\/pages\/357\/revisions"}],"predecessor-version":[{"id":536,"href":"https:\/\/mundoconnect.co.uk\/de\/wp-json\/wp\/v2\/pages\/357\/revisions\/536"}],"wp:attachment":[{"href":"https:\/\/mundoconnect.co.uk\/de\/wp-json\/wp\/v2\/media?parent=357"}],"curies":[{"name":"wp","href":"https:\/\/api.w.org\/{rel}","templated":true}]}}