{"id":103,"date":"2020-04-27T16:04:58","date_gmt":"2020-04-27T16:04:58","guid":{"rendered":"https:\/\/mundoconnect.co.uk\/?page_id=103"},"modified":"2021-03-23T19:41:37","modified_gmt":"2021-03-23T19:41:37","slug":"affiliations-and-testimonials","status":"publish","type":"page","link":"https:\/\/mundoconnect.co.uk\/de\/affiliations-and-testimonials","title":{"rendered":"Mitgliedschaften und Referenzen"},"content":{"rendered":"<div class=\"wp-block-group\"><div class=\"wp-block-group__inner-container is-layout-flow wp-block-group-is-layout-flow\">\n<div class=\"wp-block-group\"><div class=\"wp-block-group__inner-container is-layout-flow wp-block-group-is-layout-flow\">\n<div class=\"wp-block-columns is-layout-flex wp-container-core-columns-is-layout-9d6595d7 wp-block-columns-is-layout-flex\">\n<div class=\"wp-block-column is-layout-flow wp-block-column-is-layout-flow\">\n<div class=\"wp-block-image\"><figure class=\"aligncenter size-large\"><a href=\"http:\/\/www.ciol.org.uk\/member-check\/profile\/58042\/17160\"><img loading=\"lazy\" decoding=\"async\" width=\"150\" height=\"150\" src=\"https:\/\/mundoconnect.co.uk\/wp-content\/uploads\/2020\/04\/CIOL-member-logo-mcil-2.png\" alt=\"\" class=\"wp-image-131\"\/><\/a><\/figure><\/div>\n<\/div>\n\n\n\n<div class=\"wp-block-column is-layout-flow wp-block-column-is-layout-flow\">\n<div class=\"wp-block-image\"><figure class=\"aligncenter size-large\"><img loading=\"lazy\" decoding=\"async\" width=\"1024\" height=\"615\" src=\"https:\/\/mundoconnect.co.uk\/wp-content\/uploads\/2021\/03\/Translators-Without-Borders-Image-22-03-2021-1024x615.png\" alt=\"\" class=\"wp-image-484\" srcset=\"https:\/\/mundoconnect.co.uk\/wp-content\/uploads\/2021\/03\/Translators-Without-Borders-Image-22-03-2021-1024x615.png 1024w, https:\/\/mundoconnect.co.uk\/wp-content\/uploads\/2021\/03\/Translators-Without-Borders-Image-22-03-2021-300x180.png 300w, https:\/\/mundoconnect.co.uk\/wp-content\/uploads\/2021\/03\/Translators-Without-Borders-Image-22-03-2021-768x461.png 768w, https:\/\/mundoconnect.co.uk\/wp-content\/uploads\/2021\/03\/Translators-Without-Borders-Image-22-03-2021-16x10.png 16w, https:\/\/mundoconnect.co.uk\/wp-content\/uploads\/2021\/03\/Translators-Without-Borders-Image-22-03-2021.png 1389w\" sizes=\"auto, (max-width: 1024px) 100vw, 1024px\" \/><\/figure><\/div>\n<\/div>\n\n\n\n<div class=\"wp-block-column is-layout-flow wp-block-column-is-layout-flow\">\n<figure class=\"wp-block-image size-large is-resized\"><a href=\"https:\/\/www.proz.com\/profile\/2840683\" class=\"broken_link\"><img loading=\"lazy\" decoding=\"async\" src=\"https:\/\/mundoconnect.co.uk\/wp-content\/uploads\/2020\/04\/proz-logo-high-res.jpg\" alt=\"\" class=\"wp-image-171\" width=\"317\" height=\"58\" srcset=\"https:\/\/mundoconnect.co.uk\/wp-content\/uploads\/2020\/04\/proz-logo-high-res.jpg 803w, https:\/\/mundoconnect.co.uk\/wp-content\/uploads\/2020\/04\/proz-logo-high-res-300x56.jpg 300w, https:\/\/mundoconnect.co.uk\/wp-content\/uploads\/2020\/04\/proz-logo-high-res-768x143.jpg 768w\" sizes=\"auto, (max-width: 317px) 100vw, 317px\" \/><\/a><\/figure>\n<\/div>\n<\/div>\n<\/div><\/div>\n<\/div><\/div>\n\n\n\n<h2 class=\"wp-block-heading\">Was meine Kunden sagen<\/h2>\n\n\n<div class=\"strong-view strong-view-id-2 default wpmtst-default slider-container slider-mode-fade slider-adaptive\" data-count=\"3\" data-slider-var=\"strong_slider_id_2\" data-state=\"idle\"><div class=\"strong-content wpmslider-content\"><div class=\"wpmtst-testimonial testimonial t-slide post-297\"><div class=\"wpmtst-testimonial-inner testimonial-inner\"><h3 class=\"wpmtst-testimonial-heading testimonial-heading\">Online lessons<\/h3><div data-infinite-loop=\"true\"   class=\"wpmtst-testimonial-content testimonial-content\"><div class=\"maybe-clear\"><\/div><p>I began online lessons with Astrid having no prior knowledge of German before a swift relocation to Munich for a job. Although we were short on time, Astrid still made the lessons engaging and interesting even with basic phrases. I especially enjoyed Astrid\u2019s explanations of the nuances and connections between English and German to give me a better understanding of how a word or phrase is formed. I highly recommend Astrid! She tailored each lesson to my interests and needs, and was always punctual and patient.<\/p><\/div><div class=\"wpmtst-testimonial-field testimonial-field testimonial-name\">April Wong<\/div><div class=\"clear\"><\/div><\/div><\/div><div class=\"wpmtst-testimonial testimonial t-slide post-546\"><div class=\"wpmtst-testimonial-inner testimonial-inner\"><h3 class=\"wpmtst-testimonial-heading testimonial-heading\">Translations<\/h3><div data-infinite-loop=\"true\"   class=\"wpmtst-testimonial-content testimonial-content\"><div class=\"maybe-clear\"><\/div><p>It&#8217;s quite simple. If you are looking for a top quality translation, carried out by a professional at the top of her game, look no further.<\/p><\/div><div class=\"wpmtst-testimonial-field testimonial-field testimonial-name\">Alastair Naughton<\/div><div class=\"wpmtst-testimonial-field testimonial-field testimonial-company\"><a href=\"https:\/\/naughtontranslations.scot\" target=\"_blank\">Naughton Translations<\/a><\/div><div class=\"clear\"><\/div><\/div><\/div><div class=\"wpmtst-testimonial testimonial t-slide post-296\"><div class=\"wpmtst-testimonial-inner testimonial-inner\"><h3 class=\"wpmtst-testimonial-heading testimonial-heading\">\u00dcbersetzungen<\/h3><div data-infinite-loop=\"true\"   class=\"wpmtst-testimonial-content testimonial-content\"><div class=\"maybe-clear\"><\/div><p>Frau Astrid Fie\u00df \u00fcbersetzt englische Beitr\u00e4ge f\u00fcr das International Choral Bulletin (ICB) ehrenamtlich ins Deutsche. Das ICB ist eine internationale Vierteljahreszeitschrift f\u00fcr Chormusik, die in einer englischsprachigen Hauptausgabe auf Englisch und digitalen Nebenausgaben auf Deutsch, Franz\u00f6sisch und Spanisch erscheint. Als Koordinatorin der deutschen Ausgabe vergebe ich die \u00dcbersetzungen innerhalb des Teams und redigiere die \u00dcbersetzungen. Die Texte sind teils wissenschaftlich, aber auch wesentliche oder einfache Berichte.<\/p><p>Die Arbeiten von Frau Fie\u00df machen es mir leicht, denn es gibt kaum etwas zu redigieren. Besonders sch\u00e4tze ich, dass es ihr gelingt den Ton des\/der jeweiligen Autors\/Autorin im besten Sinn zu &#8220;\u00fcbertragen&#8221;. Die englischen Texte sind teilweise bereits \u00dcbersetzungen aus anderen Sprachen, sind also nicht immer einfach. Als Nichtmusikerin fragt sie nach, wenn sie etwas nicht versteht. Vereinbarte Termine h\u00e4lt sie zuverl\u00e4ssig ein.<\/p><p>Ich kann Frau Astrid Fie\u00df aus vollem Herzen empfehlen.<\/p><\/div><div class=\"wpmtst-testimonial-field testimonial-field testimonial-name\">Dr. Lore Auerbach<\/div><div class=\"clear\"><\/div><\/div><\/div><\/div><\/div>\n\n\n\n<div class=\"wp-block-group\"><div class=\"wp-block-group__inner-container is-layout-flow wp-block-group-is-layout-flow\">\n<h2 class=\"wp-block-heading\">Waren Sie zufrieden? Bitte schreiben Sie mir eine Empfehlung.<\/h2>\n<\/div><\/div>\n\n\n<div class=\"strong-view strong-form strong-view-id-1 default-form wpmtst-default-form\" data-state=\"idle\"><div class=\"strong-form-wait\" data-formid=\"1\"><div class=\"message\"><img decoding=\"async\" src=\"https:\/\/mundoconnect.co.uk\/wp-content\/plugins\/strong-testimonials\/public\/svg\/spinner-solid.svg\" alt=\"Strong Testimonials form submission spinner.\"><\/div><\/div><div class=\"wpmtst-form wpmtst-form-id-1\"><div class=\"strong-form-inner\"><p class=\"required-notice\"><span class=\"required symbol\"><\/span>Mit * markierte Felder sind Pflichtfelder.        <\/p><form class=\"wpmtst-submission-form\" method=\"post\" enctype=\"multipart\/form-data\" autocomplete=\"off\" data-config=\"{&quot;scroll&quot;:{&quot;onError&quot;:true,&quot;onErrorOffset&quot;:80,&quot;onSuccess&quot;:true,&quot;onSuccessOffset&quot;:80},&quot;fields&quot;:[{&quot;name&quot;:&quot;client_name&quot;,&quot;type&quot;:&quot;text&quot;,&quot;required&quot;:1},{&quot;name&quot;:&quot;email&quot;,&quot;type&quot;:&quot;email&quot;,&quot;required&quot;:1},{&quot;name&quot;:&quot;company_name&quot;,&quot;type&quot;:&quot;text&quot;,&quot;required&quot;:0},{&quot;name&quot;:&quot;company_website&quot;,&quot;type&quot;:&quot;url&quot;,&quot;required&quot;:0},{&quot;name&quot;:&quot;post_title&quot;,&quot;type&quot;:&quot;text&quot;,&quot;required&quot;:0},{&quot;name&quot;:&quot;post_content&quot;,&quot;type&quot;:&quot;textarea&quot;,&quot;required&quot;:1},{&quot;name&quot;:&quot;featured_image&quot;,&quot;type&quot;:&quot;file&quot;,&quot;required&quot;:0}]}\" data-formid = \"1\" action=\"\"><div style=\"display: none;\"><input type=\"hidden\" id=\"wpmtst_form_nonce\" name=\"wpmtst_form_nonce\" value=\"2ee69932e7\" \/><input type=\"hidden\" name=\"_wp_http_referer\" value=\"\/de\/wp-json\/wp\/v2\/pages\/103\" \/><input type=\"hidden\" name=\"action\" value=\"wpmtst_form\"><input type=\"hidden\" name=\"form_id\" value=\"1\"><input type=\"hidden\" name=\"default_category\" value=\"\"><input type=\"hidden\" name=\"category\" value=\"\"><\/div><div class=\"form-field field-client_name\"><label for=\"wpmtst_client_name\" class=\"field-client_name\">Vor- und Nachname<\/label><span class=\"required symbol\"><\/span><input id=\"wpmtst_client_name\" type=\"text\" class=\"text\" name=\"client_name\"  value=\"\" placeholder=\"\"   required tabindex=\"0\"><span class=\"after\">Wie ist Ihr voller Name?<\/span><\/div><div class=\"form-field field-email\"><label for=\"wpmtst_email\" class=\"field-email\">E-Mail<\/label><span class=\"required symbol\"><\/span><input id=\"wpmtst_email\" type=\"email\" class=\"text email\" name=\"email\"  value=\"\" placeholder=\"\"   required tabindex=\"0\"><span class=\"after\">Wie ist Ihre E-Mail-Adresse?<\/span><\/div><div class=\"form-field field-company_name\"><label for=\"wpmtst_company_name\" class=\"field-company_name\">Firmenname<\/label><input id=\"wpmtst_company_name\" type=\"text\" class=\"text\" name=\"company_name\"  value=\"\" placeholder=\"\"   tabindex=\"0\"><span class=\"after\">Wie ist Ihr Firmenname?<\/span><\/div><div class=\"form-field field-company_website\"><label for=\"wpmtst_company_website\" class=\"field-company_website\">Firmen-Website<\/label><input id=\"wpmtst_company_website\" type=\"url\" class=\"text url\" name=\"company_website\"  value=\"\" placeholder=\"\"   tabindex=\"0\"><span class=\"after\">Hat Ihre Firma eine Website?<\/span><\/div><div class=\"form-field field-post_title\"><label for=\"wpmtst_post_title\" class=\"field-post_title\">\u00dcberschrift<\/label><input id=\"wpmtst_post_title\" type=\"text\" class=\"text\" name=\"post_title\"  value=\"\" placeholder=\"\"   tabindex=\"0\"><span class=\"after\">Eine \u00dcberschrift f\u00fcr Ihre Empfehlung<\/span><\/div><div class=\"form-field field-post_content\"><label for=\"wpmtst_post_content\" class=\"field-post_content\">Empfehlung<\/label><span class=\"required symbol\"><\/span><textarea id=\"wpmtst_post_content\" name=\"post_content\" class=\"textarea\"  required placeholder=\"\"  tabindex=\"0\"><\/textarea><span class=\"after\">Wie war Ihre Erfahrung als Kunde\/Kundin?<\/span><\/div><div class=\"form-field field-featured_image\"><label for=\"wpmtst_featured_image\" class=\"field-featured_image\">Foto<\/label><div class=\"field-wrap\"><input id=\"wpmtst_featured_image\" type=\"file\" name=\"featured_image\" tabindex=\"0\"><\/div><span class=\"after\">M\u00f6chten Sie ein Foto hinzuf\u00fcgen? Dann klicken Sie bitte zum Hochladen \"Choose file\".<\/span><\/div><div class=\"form-field wpmtst-submit\"><label><input type=\"submit\" class=\"wpmtst_submit_testimonial\" name=\"wpmtst_submit_testimonial\" value=\"Empfehlung abschicken\" tabindex=\"0\"><\/label><\/div><input type=\"hidden\" name=\"trp-form-language\" value=\"de\"\/><\/form><\/div><\/div><\/div>","protected":false},"excerpt":{"rendered":"<p>What My Customers Say How was your experience? Please leave a testimonial.<\/p>","protected":false},"author":1,"featured_media":0,"parent":0,"menu_order":0,"comment_status":"closed","ping_status":"closed","template":"","meta":{"_monsterinsights_skip_tracking":false,"_monsterinsights_sitenote_active":false,"_monsterinsights_sitenote_note":"","_monsterinsights_sitenote_category":0,"footnotes":""},"class_list":["post-103","page","type-page","status-publish","hentry"],"yoast_head":"<!-- This site is optimized with the Yoast SEO plugin v23.5 - https:\/\/yoast.com\/wordpress\/plugins\/seo\/ -->\n<title>Affiliations and Testimonials - Mundo Connect<\/title>\n<meta name=\"robots\" content=\"index, follow, max-snippet:-1, max-image-preview:large, max-video-preview:-1\" \/>\n<link rel=\"canonical\" href=\"https:\/\/mundoconnect.co.uk\/de\/affiliations-and-testimonials\/\" \/>\n<meta property=\"og:locale\" content=\"de_DE\" \/>\n<meta property=\"og:type\" content=\"article\" \/>\n<meta property=\"og:title\" content=\"Affiliations and Testimonials - Mundo Connect\" \/>\n<meta property=\"og:description\" content=\"What My Customers Say How was your experience? Please leave a testimonial.\" \/>\n<meta property=\"og:url\" content=\"https:\/\/mundoconnect.co.uk\/de\/affiliations-and-testimonials\/\" \/>\n<meta property=\"og:site_name\" content=\"Mundo Connect\" \/>\n<meta property=\"article:modified_time\" content=\"2021-03-23T19:41:37+00:00\" \/>\n<meta property=\"og:image\" content=\"https:\/\/mundoconnect.co.uk\/wp-content\/uploads\/2020\/04\/CIOL-member-logo-mcil-2.png\" \/>\n<meta name=\"twitter:card\" content=\"summary_large_image\" \/>\n<script type=\"application\/ld+json\" class=\"yoast-schema-graph\">{\"@context\":\"https:\/\/schema.org\",\"@graph\":[{\"@type\":\"WebPage\",\"@id\":\"https:\/\/mundoconnect.co.uk\/affiliations-and-testimonials\",\"url\":\"https:\/\/mundoconnect.co.uk\/affiliations-and-testimonials\",\"name\":\"Affiliations and Testimonials - Mundo Connect\",\"isPartOf\":{\"@id\":\"https:\/\/mundoconnect.co.uk\/#website\"},\"primaryImageOfPage\":{\"@id\":\"https:\/\/mundoconnect.co.uk\/affiliations-and-testimonials#primaryimage\"},\"image\":{\"@id\":\"https:\/\/mundoconnect.co.uk\/affiliations-and-testimonials#primaryimage\"},\"thumbnailUrl\":\"https:\/\/mundoconnect.co.uk\/wp-content\/uploads\/2020\/04\/CIOL-member-logo-mcil-2.png\",\"datePublished\":\"2020-04-27T16:04:58+00:00\",\"dateModified\":\"2021-03-23T19:41:37+00:00\",\"breadcrumb\":{\"@id\":\"https:\/\/mundoconnect.co.uk\/affiliations-and-testimonials#breadcrumb\"},\"inLanguage\":\"de\",\"potentialAction\":[{\"@type\":\"ReadAction\",\"target\":[\"https:\/\/mundoconnect.co.uk\/affiliations-and-testimonials\"]}]},{\"@type\":\"ImageObject\",\"inLanguage\":\"de\",\"@id\":\"https:\/\/mundoconnect.co.uk\/affiliations-and-testimonials#primaryimage\",\"url\":\"https:\/\/mundoconnect.co.uk\/wp-content\/uploads\/2020\/04\/CIOL-member-logo-mcil-2.png\",\"contentUrl\":\"https:\/\/mundoconnect.co.uk\/wp-content\/uploads\/2020\/04\/CIOL-member-logo-mcil-2.png\"},{\"@type\":\"BreadcrumbList\",\"@id\":\"https:\/\/mundoconnect.co.uk\/affiliations-and-testimonials#breadcrumb\",\"itemListElement\":[{\"@type\":\"ListItem\",\"position\":1,\"name\":\"Home\",\"item\":\"https:\/\/mundoconnect.co.uk\/\"},{\"@type\":\"ListItem\",\"position\":2,\"name\":\"Affiliations and Testimonials\"}]},{\"@type\":\"WebSite\",\"@id\":\"https:\/\/mundoconnect.co.uk\/#website\",\"url\":\"https:\/\/mundoconnect.co.uk\/\",\"name\":\"Mundo Connect\",\"description\":\"English - German Language Services\",\"publisher\":{\"@id\":\"https:\/\/mundoconnect.co.uk\/#organization\"},\"potentialAction\":[{\"@type\":\"SearchAction\",\"target\":{\"@type\":\"EntryPoint\",\"urlTemplate\":\"https:\/\/mundoconnect.co.uk\/?s={search_term_string}\"},\"query-input\":{\"@type\":\"PropertyValueSpecification\",\"valueRequired\":true,\"valueName\":\"search_term_string\"}}],\"inLanguage\":\"de\"},{\"@type\":\"Organization\",\"@id\":\"https:\/\/mundoconnect.co.uk\/#organization\",\"name\":\"Mundo Connect\",\"url\":\"https:\/\/mundoconnect.co.uk\/\",\"logo\":{\"@type\":\"ImageObject\",\"inLanguage\":\"de\",\"@id\":\"https:\/\/mundoconnect.co.uk\/#\/schema\/logo\/image\/\",\"url\":\"https:\/\/mundoconnect.co.uk\/wp-content\/uploads\/2020\/04\/cropped-Mundo-Connect-Logo-3.jpg\",\"contentUrl\":\"https:\/\/mundoconnect.co.uk\/wp-content\/uploads\/2020\/04\/cropped-Mundo-Connect-Logo-3.jpg\",\"width\":582,\"height\":265,\"caption\":\"Mundo Connect\"},\"image\":{\"@id\":\"https:\/\/mundoconnect.co.uk\/#\/schema\/logo\/image\/\"},\"sameAs\":[\"https:\/\/www.linkedin.com\/in\/astrid-fiess-8b533968\/\",\"https:\/\/www.proz.com\/profile\/2840683\"]}]}<\/script>\n<!-- \/ Yoast SEO plugin. -->","yoast_head_json":{"title":"Affiliations and Testimonials - Mundo Connect","robots":{"index":"index","follow":"follow","max-snippet":"max-snippet:-1","max-image-preview":"max-image-preview:large","max-video-preview":"max-video-preview:-1"},"canonical":"https:\/\/mundoconnect.co.uk\/de\/affiliations-and-testimonials\/","og_locale":"de_DE","og_type":"article","og_title":"Affiliations and Testimonials - Mundo Connect","og_description":"What My Customers Say How was your experience? Please leave a testimonial.","og_url":"https:\/\/mundoconnect.co.uk\/de\/affiliations-and-testimonials\/","og_site_name":"Mundo Connect","article_modified_time":"2021-03-23T19:41:37+00:00","og_image":[{"url":"https:\/\/mundoconnect.co.uk\/wp-content\/uploads\/2020\/04\/CIOL-member-logo-mcil-2.png"}],"twitter_card":"summary_large_image","schema":{"@context":"https:\/\/schema.org","@graph":[{"@type":"WebPage","@id":"https:\/\/mundoconnect.co.uk\/affiliations-and-testimonials","url":"https:\/\/mundoconnect.co.uk\/affiliations-and-testimonials","name":"Affiliations and Testimonials - Mundo Connect","isPartOf":{"@id":"https:\/\/mundoconnect.co.uk\/#website"},"primaryImageOfPage":{"@id":"https:\/\/mundoconnect.co.uk\/affiliations-and-testimonials#primaryimage"},"image":{"@id":"https:\/\/mundoconnect.co.uk\/affiliations-and-testimonials#primaryimage"},"thumbnailUrl":"https:\/\/mundoconnect.co.uk\/wp-content\/uploads\/2020\/04\/CIOL-member-logo-mcil-2.png","datePublished":"2020-04-27T16:04:58+00:00","dateModified":"2021-03-23T19:41:37+00:00","breadcrumb":{"@id":"https:\/\/mundoconnect.co.uk\/affiliations-and-testimonials#breadcrumb"},"inLanguage":"de","potentialAction":[{"@type":"ReadAction","target":["https:\/\/mundoconnect.co.uk\/affiliations-and-testimonials"]}]},{"@type":"ImageObject","inLanguage":"de","@id":"https:\/\/mundoconnect.co.uk\/affiliations-and-testimonials#primaryimage","url":"https:\/\/mundoconnect.co.uk\/wp-content\/uploads\/2020\/04\/CIOL-member-logo-mcil-2.png","contentUrl":"https:\/\/mundoconnect.co.uk\/wp-content\/uploads\/2020\/04\/CIOL-member-logo-mcil-2.png"},{"@type":"BreadcrumbList","@id":"https:\/\/mundoconnect.co.uk\/affiliations-and-testimonials#breadcrumb","itemListElement":[{"@type":"ListItem","position":1,"name":"Home","item":"https:\/\/mundoconnect.co.uk\/"},{"@type":"ListItem","position":2,"name":"Affiliations and Testimonials"}]},{"@type":"WebSite","@id":"https:\/\/mundoconnect.co.uk\/#website","url":"https:\/\/mundoconnect.co.uk\/","name":"Mundo Connect","description":"English - German Language Services","publisher":{"@id":"https:\/\/mundoconnect.co.uk\/#organization"},"potentialAction":[{"@type":"SearchAction","target":{"@type":"EntryPoint","urlTemplate":"https:\/\/mundoconnect.co.uk\/?s={search_term_string}"},"query-input":{"@type":"PropertyValueSpecification","valueRequired":true,"valueName":"search_term_string"}}],"inLanguage":"de"},{"@type":"Organization","@id":"https:\/\/mundoconnect.co.uk\/#organization","name":"Mundo Connect","url":"https:\/\/mundoconnect.co.uk\/","logo":{"@type":"ImageObject","inLanguage":"de","@id":"https:\/\/mundoconnect.co.uk\/#\/schema\/logo\/image\/","url":"https:\/\/mundoconnect.co.uk\/wp-content\/uploads\/2020\/04\/cropped-Mundo-Connect-Logo-3.jpg","contentUrl":"https:\/\/mundoconnect.co.uk\/wp-content\/uploads\/2020\/04\/cropped-Mundo-Connect-Logo-3.jpg","width":582,"height":265,"caption":"Mundo Connect"},"image":{"@id":"https:\/\/mundoconnect.co.uk\/#\/schema\/logo\/image\/"},"sameAs":["https:\/\/www.linkedin.com\/in\/astrid-fiess-8b533968\/","https:\/\/www.proz.com\/profile\/2840683"]}]}},"_links":{"self":[{"href":"https:\/\/mundoconnect.co.uk\/de\/wp-json\/wp\/v2\/pages\/103","targetHints":{"allow":["GET"]}}],"collection":[{"href":"https:\/\/mundoconnect.co.uk\/de\/wp-json\/wp\/v2\/pages"}],"about":[{"href":"https:\/\/mundoconnect.co.uk\/de\/wp-json\/wp\/v2\/types\/page"}],"author":[{"embeddable":true,"href":"https:\/\/mundoconnect.co.uk\/de\/wp-json\/wp\/v2\/users\/1"}],"replies":[{"embeddable":true,"href":"https:\/\/mundoconnect.co.uk\/de\/wp-json\/wp\/v2\/comments?post=103"}],"version-history":[{"count":18,"href":"https:\/\/mundoconnect.co.uk\/de\/wp-json\/wp\/v2\/pages\/103\/revisions"}],"predecessor-version":[{"id":485,"href":"https:\/\/mundoconnect.co.uk\/de\/wp-json\/wp\/v2\/pages\/103\/revisions\/485"}],"wp:attachment":[{"href":"https:\/\/mundoconnect.co.uk\/de\/wp-json\/wp\/v2\/media?parent=103"}],"curies":[{"name":"wp","href":"https:\/\/api.w.org\/{rel}","templated":true}]}}